{"id":24,"date":"2020-01-06T15:41:52","date_gmt":"2020-01-06T20:41:52","guid":{"rendered":"https:\/\/taylor-white.library.mcgill.ca\/?page_id=24"},"modified":"2020-08-20T12:25:31","modified_gmt":"2020-08-20T16:25:31","slug":"historical-bibliography","status":"publish","type":"page","link":"https:\/\/taylor-white.library.mcgill.ca\/?page_id=24","title":{"rendered":"White&#8217;s Library"},"content":{"rendered":"\n<h4 class=\"wp-block-heading\">How did Taylor White conduct the research that informed his collection? Below are listed the citations of several books we believe he would have consulted<\/h4>\n\n\n\n<div class=\"wp-block-image\"><figure class=\"alignleft size-medium\"><img loading=\"lazy\" decoding=\"async\" width=\"222\" height=\"300\" src=\"https:\/\/taylor-white.library.mcgill.ca\/wp-content\/uploads\/2020\/04\/Screen-Shot-2020-04-24-at-4.31.44-PM-2-222x300.png\" alt=\"\" class=\"wp-image-1482\" srcset=\"https:\/\/taylor-white.library.mcgill.ca\/wp-content\/uploads\/2020\/04\/Screen-Shot-2020-04-24-at-4.31.44-PM-2-222x300.png 222w, https:\/\/taylor-white.library.mcgill.ca\/wp-content\/uploads\/2020\/04\/Screen-Shot-2020-04-24-at-4.31.44-PM-2-756x1024.png 756w, https:\/\/taylor-white.library.mcgill.ca\/wp-content\/uploads\/2020\/04\/Screen-Shot-2020-04-24-at-4.31.44-PM-2-768x1040.png 768w, https:\/\/taylor-white.library.mcgill.ca\/wp-content\/uploads\/2020\/04\/Screen-Shot-2020-04-24-at-4.31.44-PM-2.png 988w\" sizes=\"auto, (max-width: 222px) 100vw, 222px\" \/><\/figure><\/div>\n\n\n\n<p class=\"has-text-align-left\">Albin, Eleazar, et al.&nbsp;<em><a href=\"https:\/\/www.biodiversitylibrary.org\/item\/128051#page\/9\/mode\/1up\" target=\"_blank\" rel=\"noreferrer noopener\"><span style=\"color:#0071a1\" class=\"has-inline-color\">A Natural History of Birds\u202f: Illustrated with a Hundred and One Copper Plates, Curiously Engraven from the Life<\/span><\/a><\/em>. London\u202f: Printed for the author and sold by William Innys in St. Paul\u2019s Church yard, John Clarke under the Royal-Exchange, Cornhill, and John Brindley at the King\u2019s Arms in New Bond-Street, 1734.<\/p>\n\n\n\n<p>Aldrovandi, Ulisse. <a href=\"https:\/\/www.biodiversitylibrary.org\/item\/231309#page\/11\/mode\/1up\" target=\"_blank\" rel=\"noreferrer noopener\"><span style=\"color:#0071a1\" class=\"has-inline-color\">Ornithologiae., v.3<\/span><\/a>. Bononiae: Apud Franciscum de Franciscis Senensem, 1637.<\/p>\n\n\n\n<p class=\"has-text-align-left\">Appleby John H., and Cook Alan Hugh. \u201c<a href=\"https:\/\/royalsocietypublishing.org\/doi\/abs\/10.1098\/rsnr.1996.0020\" target=\"_blank\" rel=\"noreferrer noopener\"><span style=\"color:#0071a1\" class=\"has-inline-color\">James Theobald, F. R. S. (1688-1759), Merchant and Natural Historian.<\/span><\/a>\u201d&nbsp;<em>Notes and Records of the Royal Society of London<\/em>, vol. 50, no. 2, July 1996, pp. 179\u201389, doi:10.1098\/rsnr.1996.0020.<\/p>\n\n\n\n<p class=\"has-text-align-left\">Belon, Pierre.&nbsp;<em><a href=\"https:\/\/archive.org\/details\/hin-wel-all-00001828-001\/page\/n11\/mode\/2up\" target=\"_blank\" rel=\"noreferrer noopener\"><span style=\"color:#0071a1\" class=\"has-inline-color\">L\u2019histoire de La Nature Des Oyseaux, Avec Leurs Descriptions, &amp; Na\u00effs Portraicts Retirez Du Naturel\u202f; Escrite En Sept Livres<\/span><\/a>. &#8212;<\/em>. G. Cavellat, 1555.<\/p>\n\n\n\n<p>Brisson, Mathurin-Jacques. <a rel=\"noreferrer noopener\" href=\"https:\/\/www.biodiversitylibrary.org\/item\/141376#page\/9\/mode\/1up\" target=\"_blank\"><span style=\"color:#0071a1\" class=\"has-inline-color\">M\u00e9thode contenant la division generale des animaux en IX classes<\/span><\/a>. Chez Cl. Jean-Baptiste Bauche, 1756.<\/p>\n\n\n\n<p>Brisson, Mathurin-Jacques. <a rel=\"noreferrer noopener\" href=\"https:\/\/www.biodiversitylibrary.org\/item\/111091#page\/17\/mode\/1up\" target=\"_blank\"><span style=\"color:#0071a1\" class=\"has-inline-color\">Ornithologie<\/span><\/a>. Chez Cl. Jean-Baptiste Bauche, 1760.<\/p>\n\n\n\n<p>Brown, Patrick. <a rel=\"noreferrer noopener\" href=\"https:\/\/archive.org\/details\/mobot31753000808003\/page\/n3\" target=\"_blank\"><span style=\"color:#0071a1\" class=\"has-inline-color\">The Civil and Natural History of Jamaica<\/span><\/a>. Printed for the author, and sold by T. Osborne and J. Shipton in Gray&#8217;s-Inn, 1756.<\/p>\n\n\n\n<p>Catesby, Mark. <a rel=\"noreferrer noopener\" href=\"https:\/\/www.biodiversitylibrary.org\/item\/126524#page\/7\/mode\/1up\" target=\"_blank\"><span style=\"color:#0071a1\" class=\"has-inline-color\">The Natural History of Carolina, Florida and the Bahama Islands.<\/span><\/a> 1731.<\/p>\n\n\n\n<p class=\"has-text-align-left\">Edwards, George, et al.&nbsp;<em><a href=\"https:\/\/www.biodiversitylibrary.org\/item\/201429#page\/11\/mode\/1up\" target=\"_blank\" rel=\"noreferrer noopener\"><span style=\"color:#0071a1\" class=\"has-inline-color\">A Natural History of Birds: The Most of Which Have Not Hitherto Been Figured or Described &#8230;: Containing de Representations of&nbsp; Thirty-Nine Birds &#8230; Sixteen Cooper-Plates, Which the Figures of Many Curious &#8230; Anmals &#8230;: Part IV<\/span><\/a><\/em>. Printed for the author, at the College of Physicians in Warwick-Lane, 1743.<\/p>\n\n\n\n<p>Frisch, Johannes Leonard. <a href=\"https:\/\/reader.digitale-sammlungen.de\/de\/fs1\/object\/display\/bsb11339207_00007.html\" target=\"_blank\" rel=\"noreferrer noopener\"><span style=\"color:#0071a1\" class=\"has-inline-color\">Vorstellung der V\u00f6gel in Teutschland<\/span><\/a>. Frisch, 1733.<\/p>\n\n\n\n<p>Gessner, Conrad. <a rel=\"noreferrer noopener\" href=\"https:\/\/docnum.unistra.fr\/digital\/collection\/coll13\/id\/122314\" target=\"_blank\"><span style=\"color:#0071a1\" class=\"has-inline-color\">Historiae\u00a0animalium\u00a0:\u00a0Liber\u00a0III\u00a0qui\u00a0est\u00a0de\u00a0avium\u00a0natura<\/span><\/a>. 1555.<\/p>\n\n\n\n<p>Jonstonus, Joannes. <a rel=\"noreferrer noopener\" href=\"https:\/\/www.biodiversitylibrary.org\/item\/137912#page\/9\/mode\/1up\" target=\"_blank\"><span style=\"color:#0071a1\" class=\"has-inline-color\">Historia naturalis de quadrupetibus libri<\/span><\/a>. 1650.&nbsp;<\/p>\n\n\n\n<p>Linn\u00e9, Carl von. <a rel=\"noreferrer noopener\" href=\"https:\/\/bibdigital.rjb.csic.es\/medias\/c6\/36\/e9\/8f\/c636e98f-0374-49be-9ddc-5afb0b6e6d92\/files\/LINN_1282S.pdf\" target=\"_blank\"><span style=\"color:#0071a1\" class=\"has-inline-color\">Amoenitates academicae<\/span><\/a>.&nbsp;Holmiae et Lipsiae: Apud Godofredum Kiesewetter, 1749. <\/p>\n\n\n\n<div class=\"wp-block-image\"><figure class=\"alignleft size-large is-resized\"><img loading=\"lazy\" decoding=\"async\" src=\"https:\/\/taylor-white.library.mcgill.ca\/wp-content\/uploads\/2020\/06\/synopsismethodic00rayj_0007.jpg\" alt=\"\" class=\"wp-image-2049\" width=\"205\" height=\"342\" srcset=\"https:\/\/taylor-white.library.mcgill.ca\/wp-content\/uploads\/2020\/06\/synopsismethodic00rayj_0007.jpg 515w, https:\/\/taylor-white.library.mcgill.ca\/wp-content\/uploads\/2020\/06\/synopsismethodic00rayj_0007-179x300.jpg 179w\" sizes=\"auto, (max-width: 205px) 100vw, 205px\" \/><\/figure><\/div>\n\n\n\n<p class=\"has-text-align-left\">Linn\u00e9, Carl von.&nbsp;<em><a rel=\"noreferrer noopener\" href=\"https:\/\/www.biodiversitylibrary.org\/item\/10277#page\/3\/mode\/1up\" target=\"_blank\"><span style=\"color:#0071a1\" class=\"has-inline-color\">Systema Naturae: Regnum Animale: Editio Decima<\/span><\/a><\/em>. Impensis Direct. Laurentii Salvii, 1758.<\/p>\n\n\n\n<p>Linn\u00e9, Carl von. <a rel=\"noreferrer noopener\" href=\"https:\/\/www.biodiversitylibrary.org\/item\/137337#page\/5\/mode\/1up\" target=\"_blank\"><span style=\"color:#0071a1\" class=\"has-inline-color\">Systema Naturae: Editio Duodecima<\/span><\/a>. Impensis direct. Laurentii Salvii, 1766.<\/p>\n\n\n\n<p>Ray, John. <a href=\"https:\/\/www.biodiversitylibrary.org\/item\/91492#page\/7\/mode\/1up\" target=\"_blank\" rel=\"noreferrer noopener\"><span style=\"color:#0071a1\" class=\"has-inline-color\">Synopsis Methodica Animalium Quadrupedum et Serpentini Generis<\/span><\/a>. Impensis S. Smith &amp; B. Walford, 1693. <\/p>\n\n\n\n<p>Ray, John &amp; Willughby, Francis. <a rel=\"noreferrer noopener\" href=\"https:\/\/www.biodiversitylibrary.org\/item\/129443#page\/7\/mode\/1up\" target=\"_blank\"><span style=\"color:#0071a1\" class=\"has-inline-color\">The Ornithology of Francis Willughby<\/span><\/a>. Printed by A.C. for John Martyn, 1678.<\/p>\n\n\n\n<p class=\"has-text-align-left\">Reaumur Rene-antoine Ferchault De, and Zollman Philip Henry. \u201c<a rel=\"noreferrer noopener\" href=\"https:\/\/royalsocietypublishing.org\/doi\/abs\/10.1098\/rstl.1748.0034\" target=\"_blank\"><span style=\"color:#0071a1\" class=\"has-inline-color\">VI. Divers Means for Preserving from Corruption Dead Birds, Intended to Be Sent to Remote Countries, so That They May Arrive There in a Good Condition. Some of the Same Means May Be Employed for Preserving Quadrupeds, Reptiles, Fishes, and Insects, by M. de Reaumur, F. R. S. and Memb. Royal. Acad. Sc. Paris. Translated from the French by Phil. Hen. Zollman, Esq; F. R. S.<\/span><\/a>\u201d&nbsp;<em>Philosophical Transactions of the Royal Society of London<\/em>, vol. 45, no. 487, Jan. 1748, pp. 304\u201320, doi:10.1098\/rstl.1748.0034.<\/p>\n\n\n\n<p>Seba, Albertus. <a href=\"https:\/\/www.biodiversitylibrary.org\/item\/49412#page\/3\/mode\/1up\" target=\"_blank\" rel=\"noreferrer noopener\"><span style=\"color:#0071a1\" class=\"has-inline-color\">Locupletissimi Rerum Naturalium Thesauri<\/span><\/a>. Apud J. Wetstenium, &amp; Gul. Smith, &amp; Janssonio-Waesbergios, 1734<\/p>\n\n\n\n<p>Sloane, Hans. <a rel=\"noreferrer noopener\" href=\"https:\/\/www.biodiversitylibrary.org\/item\/11241#page\/1\/mode\/1up\" target=\"_blank\"><span style=\"color:#0071a1\" class=\"has-inline-color\">A <\/span><\/a><a rel=\"noreferrer noopener\" href=\"https:\/\/www.biodiversitylibrary.org\/item\/11241#page\/1\/mode\/1up\" target=\"_blank\"><span style=\"color:#0071a1\" class=\"has-inline-color\">V<\/span><\/a><a rel=\"noreferrer noopener\" href=\"https:\/\/www.biodiversitylibrary.org\/item\/11241#page\/1\/mode\/1up\" target=\"_blank\"><span style=\"color:#0071a1\" class=\"has-inline-color\">oyage to the Islands Madera, Barbados, Nieves, S. Christophers and Jamaica, vol. 2<\/span><\/a>. 1725<\/p>\n","protected":false},"excerpt":{"rendered":"<p>How did Taylor White conduct the research that informed his collection? Below are listed the citations of several books we believe he would have consulted Albin, Eleazar, et al.&nbsp;A Natural History of Birds\u202f: Illustrated with a Hundred and One Copper Plates, Curiously Engraven from the Life. London\u202f: Printed for the author and sold by William Innys in St. Paul\u2019s Church yard, John Clarke under the Royal-Exchange, Cornhill, and John Brindley at the King\u2019s Arms in New Bond-Street, 1734. Aldrovandi, Ulisse. Ornithologiae., v.3. Bononiae: Apud Franciscum de Franciscis Senensem, 1637. Appleby John H., and Cook Alan Hugh. \u201cJames Theobald, F. R. S. (1688-1759), Merchant and Natural Historian.\u201d&nbsp;Notes and Records of the Royal Society of London, vol. 50, no. 2, July 1996, pp. 179\u201389, doi:10.1098\/rsnr.1996.0020. Belon, Pierre.&nbsp;L\u2019histoire de La Nature Des Oyseaux, Avec Leurs Descriptions, &amp; Na\u00effs Portraicts Retirez Du Naturel\u202f; Escrite En Sept Livres. &#8212;. G. Cavellat, 1555. Brisson, Mathurin-Jacques. M\u00e9thode contenant la division generale des animaux en IX classes. Chez Cl. Jean-Baptiste Bauche, 1756. Brisson, Mathurin-Jacques. Ornithologie. Chez Cl. Jean-Baptiste Bauche, 1760. Brown, Patrick. The Civil and Natural History of Jamaica. Printed for the author, and sold by T. Osborne and J. Shipton in Gray&#8217;s-Inn, 1756. Catesby, Mark. The Natural History of Carolina, Florida and the Bahama Islands. 1731. Edwards, George, et al.&nbsp;A Natural History of Birds: The Most of Which Have Not Hitherto Been Figured or Described &#8230;: Containing de Representations of&nbsp; Thirty-Nine Birds &#8230; Sixteen Cooper-Plates, Which the Figures of Many Curious &#8230; Anmals &#8230;: Part IV. Printed for the author, at the College of Physicians in Warwick-Lane, 1743. Frisch, Johannes Leonard. Vorstellung der V\u00f6gel in Teutschland. Frisch, 1733. Gessner, Conrad. Historiae\u00a0animalium\u00a0:\u00a0Liber\u00a0III\u00a0qui\u00a0est\u00a0de\u00a0avium\u00a0natura. 1555. Jonstonus, Joannes. Historia naturalis de quadrupetibus libri. 1650.&nbsp; Linn\u00e9, Carl von. Amoenitates academicae.&nbsp;Holmiae et Lipsiae: Apud Godofredum Kiesewetter, 1749. Linn\u00e9, Carl von.&nbsp;Systema Naturae: Regnum Animale: Editio Decima. Impensis Direct. Laurentii Salvii, 1758. Linn\u00e9, Carl von. Systema Naturae: Editio Duodecima. Impensis direct. Laurentii Salvii, 1766. Ray, John. Synopsis Methodica Animalium Quadrupedum et Serpentini Generis. Impensis S. Smith &amp; B. Walford, 1693. Ray, John &amp; Willughby, Francis. The Ornithology of Francis Willughby. Printed by A.C. for John Martyn, 1678. Reaumur Rene-antoine Ferchault De, and Zollman Philip Henry. \u201cVI. Divers Means for Preserving from Corruption Dead Birds, Intended to Be Sent to Remote Countries, so That They May Arrive There in a Good Condition. Some of the Same Means May Be Employed for Preserving Quadrupeds, Reptiles, Fishes, and Insects, by M. de Reaumur, F. R. S. and Memb. Royal. Acad. Sc. Paris. Translated from the French by Phil. Hen. Zollman, Esq; F. R. S.\u201d&nbsp;Philosophical Transactions of the Royal Society of London, vol. 45, no. 487, Jan. 1748, pp. 304\u201320, doi:10.1098\/rstl.1748.0034. Seba, Albertus. Locupletissimi Rerum Naturalium Thesauri. Apud J. Wetstenium, &amp; Gul. Smith, &amp; Janssonio-Waesbergios, 1734 Sloane, Hans. A Voyage to the Islands Madera, Barbados, Nieves, S. Christophers and Jamaica, vol. 2. 1725<\/p>\n","protected":false},"author":7,"featured_media":0,"parent":0,"menu_order":0,"comment_status":"closed","ping_status":"closed","template":"","meta":{"footnotes":""},"class_list":["post-24","page","type-page","status-publish","hentry"],"_links":{"self":[{"href":"https:\/\/taylor-white.library.mcgill.ca\/index.php?rest_route=\/wp\/v2\/pages\/24","targetHints":{"allow":["GET"]}}],"collection":[{"href":"https:\/\/taylor-white.library.mcgill.ca\/index.php?rest_route=\/wp\/v2\/pages"}],"about":[{"href":"https:\/\/taylor-white.library.mcgill.ca\/index.php?rest_route=\/wp\/v2\/types\/page"}],"author":[{"embeddable":true,"href":"https:\/\/taylor-white.library.mcgill.ca\/index.php?rest_route=\/wp\/v2\/users\/7"}],"replies":[{"embeddable":true,"href":"https:\/\/taylor-white.library.mcgill.ca\/index.php?rest_route=%2Fwp%2Fv2%2Fcomments&post=24"}],"version-history":[{"count":33,"href":"https:\/\/taylor-white.library.mcgill.ca\/index.php?rest_route=\/wp\/v2\/pages\/24\/revisions"}],"predecessor-version":[{"id":2059,"href":"https:\/\/taylor-white.library.mcgill.ca\/index.php?rest_route=\/wp\/v2\/pages\/24\/revisions\/2059"}],"wp:attachment":[{"href":"https:\/\/taylor-white.library.mcgill.ca\/index.php?rest_route=%2Fwp%2Fv2%2Fmedia&parent=24"}],"curies":[{"name":"wp","href":"https:\/\/api.w.org\/{rel}","templated":true}]}}